


{"id":165,"date":"2018-08-31T14:33:04","date_gmt":"2018-08-31T07:33:04","guid":{"rendered":"http:\/\/alphabetcoatings.com\/?post_type=product&#038;p=165"},"modified":"2018-09-01T09:25:49","modified_gmt":"2018-09-01T02:25:49","slug":"may-han-giay-film","status":"publish","type":"product","link":"https:\/\/alphabetcoatings.com\/en\/product\/may-han-giay-film\/","title":{"rendered":"Film and paper welding machine"},"content":{"rendered":"<p><strong>\u1ee8ng d\u1ee5ng \u00a0<\/strong><\/p>\n<p>S\u1eed d\u1ee5ng trong d\u00e2y chuy\u1ec1n h\u00fat ch\u00e2n kh\u00f4ng t\u1ea1o v\u00e2n g\u1ed7. M\u1ee5c \u0111\u00edch b\u1ecdc v\u00e0 h\u00e0n gi\u1ea5y\/film v\u00e2n g\u1ed7 cho thanh nh\u00f4m tr\u01b0\u1edbc khi \u0111\u01b0a v\u00e0o h\u00fat ch\u00e2n kh\u00f4ng t\u1ea1o v\u00e2n g\u1ed7.<\/p>\n<p>C\u1ea3i ti\u1ebfn m\u1ee9c s\u1eed d\u1ee5ng c\u1ee7a m\u00e1y h\u00fat ch\u00e2n kh\u00f4ng.<\/p>\n<p>Gi\u00fap gi\u1ea3m chi ph\u00ed \u00a0v\u00e0 t\u0103ng hi\u1ec7u su\u1ea5t l\u00e0m vi\u1ec7c c\u1ee7a nh\u00e2n c\u00f4ng.<\/p>\n","protected":false},"excerpt":{"rendered":"<p>\u1ee8ng d\u1ee5ng \u00a0 S\u1eed d\u1ee5ng trong d\u00e2y chuy\u1ec1n h\u00fat ch\u00e2n kh\u00f4ng t\u1ea1o v\u00e2n g\u1ed7. M\u1ee5c \u0111\u00edch b\u1ecdc v\u00e0 h\u00e0n gi\u1ea5y\/film v\u00e2n g\u1ed7 cho thanh nh\u00f4m tr\u01b0\u1edbc khi \u0111\u01b0a v\u00e0o h\u00fat ch\u00e2n kh\u00f4ng t\u1ea1o v\u00e2n g\u1ed7. C\u1ea3i ti\u1ebfn m\u1ee9c s\u1eed d\u1ee5ng c\u1ee7a m\u00e1y h\u00fat ch\u00e2n kh\u00f4ng. Gi\u00fap gi\u1ea3m chi ph\u00ed \u00a0v\u00e0 t\u0103ng hi\u1ec7u su\u1ea5t l\u00e0m vi\u1ec7c [&hellip;]<\/p>\n","protected":false},"featured_media":0,"comment_status":"closed","ping_status":"closed","template":"","meta":[],"product_cat":[17],"product_tag":[],"acf":[],"_links":{"self":[{"href":"https:\/\/alphabetcoatings.com\/en\/wp-json\/wp\/v2\/product\/165"}],"collection":[{"href":"https:\/\/alphabetcoatings.com\/en\/wp-json\/wp\/v2\/product"}],"about":[{"href":"https:\/\/alphabetcoatings.com\/en\/wp-json\/wp\/v2\/types\/product"}],"replies":[{"embeddable":true,"href":"https:\/\/alphabetcoatings.com\/en\/wp-json\/wp\/v2\/comments?post=165"}],"wp:attachment":[{"href":"https:\/\/alphabetcoatings.com\/en\/wp-json\/wp\/v2\/media?parent=165"}],"wp:term":[{"taxonomy":"product_cat","embeddable":true,"href":"https:\/\/alphabetcoatings.com\/en\/wp-json\/wp\/v2\/product_cat?post=165"},{"taxonomy":"product_tag","embeddable":true,"href":"https:\/\/alphabetcoatings.com\/en\/wp-json\/wp\/v2\/product_tag?post=165"}],"curies":[{"name":"wp","href":"https:\/\/api.w.org\/{rel}","templated":true}]}}