


{"id":592,"date":"2020-02-18T11:44:37","date_gmt":"2020-02-18T04:44:37","guid":{"rendered":"http:\/\/alphabetcoatings.com\/?post_type=product&#038;p=592"},"modified":"2020-02-25T16:26:20","modified_gmt":"2020-02-25T09:26:20","slug":"he-tgic-ngoai-troi","status":"publish","type":"product","link":"https:\/\/alphabetcoatings.com\/en\/product\/he-tgic-ngoai-troi\/","title":{"rendered":"H\u1ec7 TGIC- ngo\u00e0i tr\u1eddi"},"content":{"rendered":"<p><strong><span style=\"font-size: 14pt;\">Th\u00f4ng tin chung:<\/span><\/strong><\/p>\n<p>B\u1ed9t s\u01a1n t\u0129nh \u0111i\u1ec7n h\u1ec7 Polyester: L\u00e0 d\u00f2ng s\u1ea3n ph\u1ea9m b\u1ed9t s\u01a1n d\u1ef1a tr\u00ean h\u1ec7 nh\u1ef1a Polyester v\u00e0 ch\u1ea5t \u0111\u00f3ng r\u1eafn g\u1ed1c HAA\/TGIC t\u1ea1o ra m\u00e0ng s\u01a1n ph\u1ee7 c\u00f3 \u0111\u1ed9 b\u1ec1n th\u1eddi ti\u1ebft cao. D\u00f2ng b\u1ed9t s\u01a1n n\u00e0y ph\u00f9 h\u1ee3p v\u1edbi c\u00e1c \u1ee9ng d\u1ee5ng s\u01a1n ph\u1ee7 ngo\u00e0i tr\u1eddi, c\u00f3 \u0111\u1ed9 b\u1ec1n m\u00e0u v\u00e0 ch\u1ecbu t\u00e1c \u0111\u1ed9ng c\u1ee7a tia UV v\u01b0\u1ee3t tr\u1ed9i. D\u00f2ng b\u1ed9t s\u01a1n t\u0129nh \u0111i\u1ec7n h\u1ec7 Polyester c\u00f3 nhi\u1ec1u m\u00e0u s\u1eafc v\u00e0 b\u1ec1 m\u1eb7t \u0111a d\u1ea1ng nh\u01b0: B\u00f3ng cao, b\u00e1n b\u00f3ng, m\u1edd, c\u00e1t, nh\u0103n, v\u00e2n b\u00faa,\u2026<\/p>\n<p style=\"margin-top: 11.5pt; text-align: justify;\"><span style=\"font-size: 14pt;\"><strong><span style=\"font-family: arial, helvetica, sans-serif;\">\u0110\u1eb7c t\u00ednh c\u01a1 b\u1ea3n:<\/span><\/strong><\/span><\/p>\n<table style=\"border-collapse: collapse; width: 60.1005%; height: 130px;\" border=\"1\">\n<tbody>\n<tr style=\"height: 23px;\">\n<td style=\"width: 50%; height: 23px; text-align: center;\" colspan=\"2\"><strong>\u0110\u1eb7c t\u00ednh<\/strong><\/td>\n<\/tr>\n<tr style=\"height: 12px;\">\n<td style=\"width: 50%; height: 12px; text-align: center;\">H\u1ec7 s\u01a1n<\/td>\n<td style=\"width: 50%; height: 12px; text-align: center;\">Polyester<\/td>\n<\/tr>\n<tr style=\"height: 23px;\">\n<td style=\"width: 50%; height: 23px; text-align: center;\">K\u00edch th\u01b0\u1edbc h\u1ea1t<\/td>\n<td style=\"width: 50%; height: 23px; text-align: center;\">36-42 microns<\/td>\n<\/tr>\n<tr style=\"height: 23px;\">\n<td style=\"width: 50%; height: 23px; text-align: center;\">Kh\u1ea3 n\u0103ng kh\u00e1ng th\u1eddi ti\u1ebft<\/td>\n<td style=\"width: 50%; height: 23px; text-align: center;\">Kh\u00e1ng th\u1eddi ti\u1ebft t\u1ed1t<\/td>\n<\/tr>\n<tr style=\"height: 23px;\">\n<td style=\"width: 50%; height: 23px; text-align: center;\">\u0110\u1ed9 ph\u1ee7<\/td>\n<td style=\"width: 50%; height: 23px; text-align: center;\">7-8m<sup>2<\/sup>\/kg<\/td>\n<\/tr>\n<\/tbody>\n<\/table>\n<p><strong><span style=\"font-size: 14pt;\">\u0110i\u1ec1u ki\u1ec7n gia c\u00f4ng:<\/span><\/strong><\/p>\n<table style=\"border-collapse: collapse; width: 60.402%; height: 81px;\" border=\"1\">\n<tbody>\n<tr style=\"height: 23px;\">\n<td style=\"width: 50%; height: 23px; text-align: center;\" colspan=\"2\"><strong>\u0110i\u1ec1u ki\u1ec7n<\/strong><\/td>\n<\/tr>\n<tr style=\"height: 23px;\">\n<td style=\"width: 50%; height: 23px; text-align: center;\">\u00c1p d\u1ee5ng<\/td>\n<td style=\"width: 50%; height: 23px; text-align: center;\">Phun v\u1edbi \u0111\u1ed9 d\u00e0y 60-80um tr\u00ean v\u1eadt s\u01a1n<\/td>\n<\/tr>\n<tr style=\"height: 23px;\">\n<td style=\"width: 50%; height: 23px; text-align: center;\">S\u00fang<\/td>\n<td style=\"width: 50%; height: 23px; text-align: center;\">Ph\u00f9 h\u1ee3p v\u1edbi s\u00fang phun corona, tribo<\/td>\n<\/tr>\n<tr style=\"height: 23px;\">\n<td style=\"width: 50%; height: 23px; text-align: center;\">Th\u00f4ng s\u1ed1 s\u00fang phun<\/td>\n<td style=\"width: 50%; height: 23px; text-align: center;\">\u0110i\u1ec7n th\u1ebf \u0111\u1ea7u ra 90kV<\/td>\n<\/tr>\n<tr style=\"height: 23px;\">\n<td style=\"width: 50%; height: 23px; text-align: center;\">\u0110i\u1ec1u ki\u1ec7n nung<\/td>\n<td style=\"width: 50%; height: 23px; text-align: center;\">200<sup>o<\/sup>C, 10 ph\u00fat<\/td>\n<\/tr>\n<\/tbody>\n<\/table>\n<p><strong>\u0110i\u1ec1u ki\u1ec7n l\u01b0u tr\u1eef\/ b\u1ea3o qu\u1ea3n:<\/strong><\/p>\n<p>B\u1ea3o qu\u1ea3n \u1edf n\u01a1i kh\u00f4 r\u00e1o tho\u00e1ng m\u00e1t, nhi\u1ec7t \u0111\u1ed9 d\u01b0\u1edbi 40<sup>o<\/sup>C. Tr\u00e1nh \u00e1nh n\u1eafng tr\u1ef1c ti\u1ebfp.<\/p>\n<p><span style=\"font-size: 14pt;\"><strong>\u0110\u00f3ng g\u00f3i:<\/strong><\/span><\/p>\n<p>\u0110\u00f3ng g\u00f3i trong th\u00f9ng carton, k\u00edch th\u01b0\u1edbc 40x30x34cm<\/p>\n<p><span style=\"font-size: 14pt;\"><strong>Th\u1eed nghi\u1ec7m c\u01a1 l\u00fd:<\/strong><\/span><\/p>\n<table style=\"border-collapse: collapse; width: 60.9045%; height: 81px;\" border=\"1\">\n<tbody>\n<tr style=\"height: 23px;\">\n<td style=\"width: 50%; text-align: center; height: 23px;\"><strong>Ph\u01b0\u01a1ng ph\u00e1p ki\u1ec3m tra<\/strong><\/td>\n<td style=\"width: 50%; text-align: center; height: 23px;\"><strong>K\u1ebft qu\u1ea3<\/strong><\/td>\n<\/tr>\n<tr style=\"height: 23px;\">\n<td style=\"width: 50%; text-align: center; height: 23px;\">\u0110\u1ed9 va \u0111\u1eadp ( 50cm\/ kg)<\/td>\n<td style=\"width: 50%; text-align: center; height: 23px;\">\u0110\u1ea1t<\/td>\n<\/tr>\n<tr style=\"height: 23px;\">\n<td style=\"width: 50%; text-align: center; height: 23px;\">\u0110\u1ed9 d\u1ebbo (6mm)<\/td>\n<td style=\"width: 50%; text-align: center; height: 23px;\">\u0110\u1ea1t<\/td>\n<\/tr>\n<tr style=\"height: 23px;\">\n<td style=\"width: 50%; text-align: center; height: 23px;\">\u0110\u1ed9 c\u1ee9ng<\/td>\n<td style=\"width: 50%; text-align: center; height: 23px;\">\u0110\u1ea1t<\/td>\n<\/tr>\n<tr style=\"height: 23px;\">\n<td style=\"width: 50%; text-align: center; height: 23px;\">\u0110\u1ed9 b\u00e1m d\u00ednh<\/td>\n<td style=\"width: 50%; text-align: center; height: 23px;\">\u0110\u1ea1t<\/td>\n<\/tr>\n<\/tbody>\n<\/table>\n<p><span style=\"font-size: 14pt;\"><strong>Thu\u1ed9c t\u00ednh l\u1edbp ph\u1ee7:<\/strong><\/span><\/p>\n<ul>\n<li>Kh\u00e1ng th\u1eddi ti\u1ebft t\u1ed1t<\/li>\n<li>Kh\u00e1ng n\u01b0\u1edbc n\u00f3ng t\u1ed1t<\/li>\n<li>\u0110\u1ea3m b\u1ea3o c\u00e1c \u0111\u1eb7c t\u00ednh c\u01a1 l\u00fd<\/li>\n<\/ul>\n<p><strong><em>Khuy\u1ebfn c\u00e1o s\u1eed d\u1ee5ng:<\/em><\/strong><\/p>\n<p><em>Nhi\u1ec7t \u0111\u1ed9 v\u1eadt s\u01a1n, \u0111i\u1ec1u ki\u1ec7n s\u1ea5y c\u00f3 th\u1ec3 thay \u0111\u1ed5i theo t\u1eebng lo\u1ea1i hi\u1ec7u \u1ee9ng b\u1ec1 m\u1eb7t, m\u00e0u s\u1eafc b\u1ed9t s\u01a1n ho\u1eb7c \u0111\u1ed9 d\u00e0y n\u1ec1n. Vi\u1ec7c \u00e1p d\u1ee5ng \u0111i\u1ec1u ki\u1ec7n s\u1ea5y kh\u00f4ng ph\u00f9 h\u1ee3p c\u00f3 th\u1ec3 d\u1eabn \u0111\u1ebfn hi\u1ec7n t\u01b0\u1ee3ng sai kh\u00e1c m\u00e0u, hi\u1ec7u \u1ee9ng b\u1ec1 m\u1eb7t c\u0169ng nh\u01b0 c\u00e1c thu\u1ed9c t\u00ednh kh\u00e1c c\u1ee7a m\u00e0ng s\u01a1n.<\/em><\/p>\n<p><em>Ghi ch\u00fa: Th\u00f4ng tin \u0111\u1ec1 c\u1eadp trong b\u1ea3ng th\u00f4ng s\u1ed1 n\u00e0y \u0111\u01b0\u1ee3c ki\u1ec3m tra v\u00e0 \u0111o \u0111\u1ea1c ch\u00ednh x\u00e1c trong \u0111i\u1ec1u ki\u1ec7n th\u1ef1c nghi\u1ec7m ti\u00eau chu\u1ea9n. Ng\u01b0\u1eddi s\u1eed d\u1ee5ng c\u1ea7n tham kh\u1ea3o c\u00e1c t\u00e0i li\u1ec7u k\u1ef9 thu\u1eadt c\u1ee7a t\u1eebng s\u1ea3n ph\u1ea9m c\u1ee5 th\u1ec3 \u0111\u1ec3 x\u00e1c \u0111\u1ecbnh \u0111i\u1ec1u ki\u1ec7n ph\u00f9 h\u1ee3p nh\u1ea5t cho t\u1eebng \u1ee9ng d\u1ee5ng \u0111\u1eb7c th\u00f9.<\/em><\/p>\n","protected":false},"excerpt":{"rendered":"<p>B\u1ed9t s\u01a1n h\u1ec7 TGIC l\u00e0 s\u1ea3n ph\u1ea9m b\u1ed9t s\u01a1n d\u1ef1a tr\u00ean h\u1ec7 nh\u1ef1a polyester k\u1ebft h\u1ee3p ch\u1ea5t \u0111\u00f3ng r\u1eafn g\u1ed1c Triglycidyl isocyanurate t\u1ea1o ra m\u00e0ng s\u01a1n ph\u1ee7 c\u00f3 \u0111\u1ed9 b\u1ec1n th\u1eddi ti\u1ebft \u01b0u vi\u1ec7t. D\u00f2ng s\u1ea3n ph\u1ea9m n\u00e0y ph\u00f9 h\u1ee3p v\u1edbi \u1ee9ng d\u1ee5ng s\u01a1n ph\u1ee7 c\u00e1c s\u1ea3n ph\u1ea9m ngo\u00e0i tr\u1eddi \u0111\u00f2i h\u1ecfi \u0111\u1ed9 b\u1ec1n m\u00e0u v\u00e0 kh\u1ea3 n\u0103ng ch\u1ecbu t\u00e1c \u0111\u1ed9ng c\u1ee7a tia c\u1ef1c t\u00edm t\u1ed1t. C\u00e1c s\u1ea3n ph\u1ea9m h\u1ec7 TGIC c\u00f3 m\u00e0u s\u1eafc v\u00e0 hi\u1ec7u \u1ee9ng b\u1ec1 m\u1eb7t \u0111a d\u1ea1ng, \u0111\u00e1p \u1ee9ng m\u1ecdi y\u00eau c\u1ea7u s\u01a1n ph\u1ee7 c\u1ee7a kh\u00e1ch h\u00e0ng nh\u01b0: b\u1ec1 m\u1eb7t tr\u01a1n v\u1edbi c\u00e1c m\u1ee9c \u0111\u1ed9 \u0111\u1ed9 b\u00f3ng, b\u00f3ng cao, b\u00e1n b\u00f3ng, m\u1edd, nh\u0103n, v\u00e2n b\u00faa, hi\u1ec7u \u1ee9ng metallic.<\/p>\n","protected":false},"featured_media":616,"comment_status":"closed","ping_status":"closed","template":"","meta":[],"product_cat":[],"product_tag":[],"acf":[],"_links":{"self":[{"href":"https:\/\/alphabetcoatings.com\/en\/wp-json\/wp\/v2\/product\/592"}],"collection":[{"href":"https:\/\/alphabetcoatings.com\/en\/wp-json\/wp\/v2\/product"}],"about":[{"href":"https:\/\/alphabetcoatings.com\/en\/wp-json\/wp\/v2\/types\/product"}],"replies":[{"embeddable":true,"href":"https:\/\/alphabetcoatings.com\/en\/wp-json\/wp\/v2\/comments?post=592"}],"wp:featuredmedia":[{"embeddable":true,"href":"https:\/\/alphabetcoatings.com\/en\/wp-json\/wp\/v2\/media\/616"}],"wp:attachment":[{"href":"https:\/\/alphabetcoatings.com\/en\/wp-json\/wp\/v2\/media?parent=592"}],"wp:term":[{"taxonomy":"product_cat","embeddable":true,"href":"https:\/\/alphabetcoatings.com\/en\/wp-json\/wp\/v2\/product_cat?post=592"},{"taxonomy":"product_tag","embeddable":true,"href":"https:\/\/alphabetcoatings.com\/en\/wp-json\/wp\/v2\/product_tag?post=592"}],"curies":[{"name":"wp","href":"https:\/\/api.w.org\/{rel}","templated":true}]}}