


{"id":593,"date":"2020-02-18T11:44:57","date_gmt":"2020-02-18T04:44:57","guid":{"rendered":"http:\/\/alphabetcoatings.com\/?post_type=product&#038;p=593"},"modified":"2020-02-19T16:59:35","modified_gmt":"2020-02-19T09:59:35","slug":"he-chuyen-nhiet","status":"publish","type":"product","link":"https:\/\/alphabetcoatings.com\/en\/product\/he-chuyen-nhiet\/","title":{"rendered":"H\u1ec7 chuy\u1ec3n nhi\u1ec7t"},"content":{"rendered":"<p><strong><span style=\"font-size: 14pt;\">Th\u00f4ng tin chung:<\/span><\/strong><\/p>\n<p>B\u1ed9t s\u01a1n t\u0129nh \u0111i\u1ec7n chuy\u1ec3n nhi\u1ec7t h\u1ec7 Polyester: L\u00e0 d\u00f2ng s\u1ea3n ph\u1ea9m b\u1ed9t s\u01a1n d\u1ef1a tr\u00ean h\u1ec7 nh\u1ef1a Polyester v\u00e0 ch\u1ea5t \u0111\u00f3ng r\u1eafn g\u1ed1c TGIC. S\u1ea3n ph\u1ea9m d\u00f2ng in chuy\u1ec3n nhi\u1ec7t cho b\u1ec1 m\u1eb7t m\u1ef1c in r\u00f5 n\u00e9t, d\u1ec5 d\u00e0ng l\u1ed9t b\u1ecf sau khi d\u00e1n gi\u1ea5y, kh\u00f4ng g\u1eb7p l\u1ed7i d\u00ednh keo, c\u00f3 th\u1ec3 thi c\u00f4ng \u1ee9ng d\u1ee5ng tr\u00ean v\u1eadt n\u1ec1n s\u1eaft, nh\u00f4m,.. cho c\u00e1c b\u1ec1 m\u1eb7t hi\u1ec7u \u1ee9ng \u0111\u1ed9 b\u00f3ng cao, m\u1edd, c\u00e1t, \u0111\u1ec1u c\u00f3 th\u1ec3 \u0111\u00e1p \u1ee9ng theo nhu c\u1ea7u kh\u00e1ch h\u00e0ng.<\/p>\n<p><span style=\"font-size: 14pt;\"><strong>\u0110\u1eb7c t\u00ednh c\u01a1 b\u1ea3n:<\/strong><\/span><\/p>\n<table style=\"border-collapse: collapse; width: 58.7061%; height: 153px;\" border=\"1\">\n<tbody>\n<tr style=\"height: 23px;\">\n<td style=\"width: 100%; height: 23px; text-align: center;\" colspan=\"2\"><strong>\u0110\u1eb7c t\u00ednh<\/strong><\/td>\n<\/tr>\n<tr style=\"height: 23px;\">\n<td style=\"width: 50%; height: 23px; text-align: center;\">H\u1ec7 nh\u1ef1a<\/td>\n<td style=\"width: 50%; height: 23px; text-align: center;\">Polyester<\/td>\n<\/tr>\n<tr style=\"height: 23px;\">\n<td style=\"width: 50%; height: 23px; text-align: center;\">K\u00edch th\u01b0\u1edbc h\u1ea1t<\/td>\n<td style=\"width: 50%; height: 23px; text-align: center;\">36-42 microns<\/td>\n<\/tr>\n<tr style=\"height: 23px;\">\n<td style=\"width: 50%; height: 23px; text-align: center;\">T\u1ec9 tr\u1ecdng<\/td>\n<td style=\"width: 50%; height: 23px; text-align: center;\">1.2-1.8 g\/cm<sup>3<\/sup><\/td>\n<\/tr>\n<tr style=\"height: 23px;\">\n<td style=\"width: 50%; height: 23px; text-align: center;\">\u0110\u1ed9 ph\u1ee7<\/td>\n<td style=\"width: 50%; height: 23px; text-align: center;\">7-8m<sup>2<\/sup>\/kg<\/td>\n<\/tr>\n<\/tbody>\n<\/table>\n<p><strong><span style=\"font-size: 14pt;\">\u0110i\u1ec1u ki\u1ec7n gia c\u00f4ng:<\/span><\/strong><\/p>\n<table style=\"border-collapse: collapse; width: 58.593%; height: 160px;\" border=\"1\">\n<tbody>\n<tr>\n<td style=\"width: 50%; text-align: center;\" colspan=\"2\"><strong>\u0110i\u1ec1u ki\u1ec7n<\/strong><\/td>\n<\/tr>\n<tr>\n<td style=\"width: 50%; text-align: center;\">\u00c1p d\u1ee5ng<\/td>\n<td style=\"width: 50%; text-align: center;\">Phun v\u1edbi \u0111\u1ed9 d\u00e0y 60-80um tr\u00ean v\u1eadt s\u01a1n<\/td>\n<\/tr>\n<tr>\n<td style=\"width: 50%; text-align: center;\">S\u00fang<\/td>\n<td style=\"width: 50%; text-align: center;\">Ph\u00f9 h\u1ee3p v\u1edbi s\u00fang phun corona, tribo<\/td>\n<\/tr>\n<tr>\n<td style=\"width: 50%; text-align: center;\">Th\u00f4ng s\u1ed1 s\u00fang phun<\/td>\n<td style=\"width: 50%; text-align: center;\">\u0110i\u1ec7n th\u1ebf \u0111\u1ea7u ra 90kV<\/td>\n<\/tr>\n<tr>\n<td style=\"width: 50%; text-align: center;\">\u0110i\u1ec1u ki\u1ec7n nung<\/td>\n<td style=\"width: 50%; text-align: center;\">200<sup>o<\/sup>C, 10 ph\u00fat<\/td>\n<\/tr>\n<tr>\n<td style=\"width: 50%; text-align: center;\">\u0110i\u1ec1u ki\u1ec7n gia c\u00f4ng v\u00e2n g\u1ed7<\/td>\n<td style=\"width: 50%; text-align: center;\">190<sup>o<\/sup>C, 5 ph\u00fat<\/td>\n<\/tr>\n<\/tbody>\n<\/table>\n<p><span style=\"font-size: 14pt;\"><strong>Th\u1eed nghi\u1ec7m c\u01a1 l\u00fd:<\/strong><\/span><\/p>\n<table style=\"border-collapse: collapse; width: 58.6935%; height: 78px;\" border=\"1\">\n<tbody>\n<tr style=\"height: 23px;\">\n<td style=\"width: 50%; height: 23px; text-align: center;\"><strong>Ph\u01b0\u01a1ng ph\u00e1p ki\u1ec3m tra<\/strong><\/td>\n<td style=\"width: 50%; height: 23px; text-align: center;\"><strong>K\u1ebft qu\u1ea3<\/strong><\/td>\n<\/tr>\n<tr style=\"height: 23px;\">\n<td style=\"width: 50%; height: 23px; text-align: center;\">\u0110\u1ed9 va \u0111\u1eadp ( 50cm\/ kg)<\/td>\n<td style=\"width: 50%; height: 23px; text-align: center;\">\u0110\u1ea1t<\/td>\n<\/tr>\n<tr style=\"height: 23px;\">\n<td style=\"width: 50%; height: 23px; text-align: center;\">\u0110\u1ed9 d\u1ebbo (6mm)<\/td>\n<td style=\"width: 50%; height: 23px; text-align: center;\">\u0110\u1ea1t<\/td>\n<\/tr>\n<tr style=\"height: 23px;\">\n<td style=\"width: 50%; height: 23px; text-align: center;\">\u0110\u1ed9 c\u1ee9ng<\/td>\n<td style=\"width: 50%; height: 23px; text-align: center;\">\u0110\u1ea1t<\/td>\n<\/tr>\n<tr style=\"height: 23px;\">\n<td style=\"width: 50%; height: 15px; text-align: center;\">\u0110\u1ed9 b\u00e1m d\u00ednh<\/td>\n<td style=\"width: 50%; height: 15px; text-align: center;\">\u0110\u1ea1t<\/td>\n<\/tr>\n<\/tbody>\n<\/table>\n<p><span style=\"font-size: 14pt;\"><strong>\u0110i\u1ec1u ki\u1ec7n l\u01b0u tr\u1eef\/ b\u1ea3o qu\u1ea3n:<\/strong><\/span><\/p>\n<p>B\u1ea3o qu\u1ea3n \u1edf n\u01a1i kh\u00f4 r\u00e1o tho\u00e1ng m\u00e1t, nhi\u1ec7t \u0111\u1ed9 d\u01b0\u1edbi 40<sup>o<\/sup>C.<\/p>\n<p>Tr\u00e1nh \u00e1nh n\u1eafng tr\u1ef1c ti\u1ebfp.<\/p>\n<p><strong><span style=\"font-size: 14pt;\">\u0110\u00f3ng g\u00f3i:<\/span><\/strong><\/p>\n<p>\u0110\u00f3ng g\u00f3i trong th\u00f9ng carton, k\u00edch th\u01b0\u1edbc 40x30x34 cm<\/p>\n<p><strong>Thu\u1ed9c t\u00ednh l\u1edbp ph\u1ee7<\/strong><\/p>\n<ul>\n<li>M\u1ef1c in chuy\u1ec3n r\u00f5 n\u00e9t<\/li>\n<li>\u0110\u1ea3m b\u1ea3o c\u00e1c \u0111\u1eb7c t\u00ednh c\u01a1 l\u00fd<\/li>\n<\/ul>\n<p><span style=\"font-size: 14pt;\"><strong><em>Khuy\u1ebfn c\u00e1o s\u1eed d\u1ee5ng:<\/em><\/strong><\/span><\/p>\n<p><em>Nhi\u1ec7t \u0111\u1ed9 v\u1eadt s\u01a1n, \u0111i\u1ec1u ki\u1ec7n s\u1ea5y c\u00f3 th\u1ec3 thay \u0111\u1ed5i theo t\u1eebng lo\u1ea1i hi\u1ec7u \u1ee9ng b\u1ec1 m\u1eb7t, m\u00e0u s\u1eafc b\u1ed9t s\u01a1n ho\u1eb7c \u0111\u1ecd d\u00e0y n\u1ec1n. Vi\u1ec7c \u00e1p d\u1ee5ng\u00a0 \u0111i\u1ec1u ki\u1ec7n s\u1ea5y kh\u00f4ng ph\u00f9 h\u1ee3p c\u00f3 th\u1ec3 d\u1eabn \u0111\u1ebfn hi\u1ec7n t\u01b0\u1ee3ng sai bi\u1ec7t m\u00e0u, hi\u1ec7u \u1ee9ng b\u1ec1 m\u1eb7t c\u0169ng nh\u01b0 c\u00e1c thu\u1ed9c t\u00ednh kh\u00e1c c\u1ee7a m\u00e0ng s\u01a1n.<\/em><\/p>\n<p><em>Ghi ch\u00fa: Th\u00f4ng tin \u0111\u1ec1 c\u1eadp trong b\u1ea3ng th\u00f4ng s\u1ed1 n\u00e0y \u0111\u01b0\u1ee3c ki\u1ec3m tra v\u00e0 \u0111o \u0111\u1ea1c ch\u00ednh x\u00e1c trong \u0111i\u1ec1u ki\u1ec7n th\u1ef1c nghi\u1ec7m ti\u00eau chu\u1ea9n. Ng\u01b0\u1eddi s\u1eed d\u1ee5ng c\u1ea7n tham kh\u1ea3o c\u00e1c t\u00e0i li\u1ec7u k\u1ef9 thu\u1eadt c\u1ee7a t\u1eebng s\u1ea3n ph\u1ea9m c\u1ee5 th\u1ec3 \u0111\u1ec3 x\u00e1c \u0111\u1ecbnh \u0111i\u1ec1u ki\u1ec7n ph\u00f9 h\u1ee3p nh\u1ea5t cho t\u1eebng \u1ee9ng d\u1ee5ng \u0111\u1eb7c th\u00f9.<\/em><\/p>\n","protected":false},"excerpt":{"rendered":"<p>B\u1ed9t s\u01a1n chuy\u1ec3n nhi\u1ec7t: L\u00e0 lo\u1ea1i b\u1ed9t s\u01a1n t\u0129nh \u0111i\u1ec7n h\u1ec7 polyester chuy\u00ean d\u00f9ng cho quy tr\u00ecnh in nhi\u1ec7t chuy\u1ec3n cho c\u00e1c hi\u1ec7u \u1ee9ng gi\u1ea3 g\u1ed7, gi\u1ea3 \u0111\u00e1, in \u1ea3nh tr\u00ean b\u1ec1 m\u1eb7t s\u1ea3n ph\u1ea9m. D\u00f2ng s\u1ea3n ph\u1ea9m th\u01b0\u1eddng \u00e1p d\u1ee5ng cho v\u00e2n g\u1ed7 n\u1ec1n v\u00e0ng ho\u1eb7c \u0111\u1ecf, c\u00f3 c\u00e1c hi\u1ec7u \u1ee9ng b\u1ec1 m\u1eb7t t\u1eeb \u0111\u1ed9 b\u00f3ng cao, m\u1edd, c\u00e1t \u0111\u1ec1u c\u00f3 th\u1ec3 \u0111\u00e1p \u1ee9ng theo nhu c\u1ea7u kh\u00e1ch h\u00e0ng. S\u1ea3n ph\u1ea9m cho kh\u1ea3 n\u0103ng in chuy\u1ec3n m\u1ef1c s\u1eafc n\u00e9t, l\u1edbp m\u1ef1c \u0103n s\u00e2u v\u00e0o n\u1ec1n s\u01a1n, l\u1edbp gi\u1ea5y sau khi in chuy\u1ec3n d\u1ec5 d\u00e0ng g\u1ee1 b\u1ecf, kh\u00f4ng g\u1eb7p tr\u01b0\u1eddng h\u1ee3p l\u1ed7i d\u00ednh keo, c\u00f3 th\u1ec3 in chuy\u1ec3n tr\u00ean nhi\u1ec1u ch\u1ea5t li\u1ec7u nh\u01b0 nh\u00f4m, s\u1eaft, \u2026<\/p>\n","protected":false},"featured_media":524,"comment_status":"closed","ping_status":"closed","template":"","meta":[],"product_cat":[],"product_tag":[],"acf":[],"_links":{"self":[{"href":"https:\/\/alphabetcoatings.com\/en\/wp-json\/wp\/v2\/product\/593"}],"collection":[{"href":"https:\/\/alphabetcoatings.com\/en\/wp-json\/wp\/v2\/product"}],"about":[{"href":"https:\/\/alphabetcoatings.com\/en\/wp-json\/wp\/v2\/types\/product"}],"replies":[{"embeddable":true,"href":"https:\/\/alphabetcoatings.com\/en\/wp-json\/wp\/v2\/comments?post=593"}],"wp:featuredmedia":[{"embeddable":true,"href":"https:\/\/alphabetcoatings.com\/en\/wp-json\/wp\/v2\/media\/524"}],"wp:attachment":[{"href":"https:\/\/alphabetcoatings.com\/en\/wp-json\/wp\/v2\/media?parent=593"}],"wp:term":[{"taxonomy":"product_cat","embeddable":true,"href":"https:\/\/alphabetcoatings.com\/en\/wp-json\/wp\/v2\/product_cat?post=593"},{"taxonomy":"product_tag","embeddable":true,"href":"https:\/\/alphabetcoatings.com\/en\/wp-json\/wp\/v2\/product_tag?post=593"}],"curies":[{"name":"wp","href":"https:\/\/api.w.org\/{rel}","templated":true}]}}