


{"id":594,"date":"2020-02-18T11:45:14","date_gmt":"2020-02-18T04:45:14","guid":{"rendered":"http:\/\/alphabetcoatings.com\/?post_type=product&#038;p=594"},"modified":"2020-02-21T10:24:11","modified_gmt":"2020-02-21T03:24:11","slug":"he-epoxy","status":"publish","type":"product","link":"https:\/\/alphabetcoatings.com\/en\/product\/he-epoxy\/","title":{"rendered":"H\u1ec7 epoxy"},"content":{"rendered":"<p><strong><span style=\"font-size: 14pt;\">Th\u00f4ng tin chung:<\/span><\/strong><\/p>\n<p>B\u1ed9t s\u01a1n t\u0129nh \u0111i\u1ec7n h\u1ec7 Epoxy: L\u00e0 d\u00f2ng s\u1ea3n ph\u1ea9m b\u1ed9t s\u01a1n d\u1ef1a tr\u00ean h\u1ec7 nh\u1ef1a Polyester v\u00e0 ch\u1ea5t \u0111\u00f3ng r\u1eafn g\u1ed1c \u00a0\u00a0imidazole t\u1ea1o ra m\u00e0ng s\u01a1n ph\u1ee7 c\u00f3 \u0111\u1ed9 c\u1ee9ng t\u1ed1t, kh\u1ea3 n\u0103ng ch\u1ecbu \u0103n m\u00f2n h\u00f3a h\u1ecdc cao. D\u00f2ng b\u1ed9t s\u01a1n n\u00e0y ph\u00f9\u00a0 h\u1ee3p v\u1edbi c\u00e1c \u1ee9ng d\u1ee5ng s\u01a1n ph\u1ee7 y\u00eau c\u1ea7u \u0111\u1ed9 b\u1ec1n c\u01a1 h\u1ecdc ho\u1eb7c ch\u1ecbu t\u00e1c \u0111\u1ed9ng \u0103n m\u00f2n h\u00f3a h\u1ecdc.<\/p>\n<p><strong><span style=\"font-size: 14pt;\"><span style=\"font-family: Times New Roman, serif;\"><span style=\"font-family: arial, helvetica, sans-serif;\">\u0110\u1eb7c t\u00ednh c\u01a1 b\u1ea3n:<\/span><\/span><\/span><\/strong><\/p>\n<table style=\"border-collapse: collapse; width: 58.392%; height: 219px;\" border=\"1\">\n<tbody>\n<tr style=\"height: 10px;\">\n<td style=\"width: 50%; height: 10px; text-align: center;\" colspan=\"2\"><strong>\u0110\u1eb7c t\u00ednh\u00a0<\/strong><\/td>\n<\/tr>\n<tr style=\"height: 23px;\">\n<td style=\"width: 50%; height: 23px; text-align: center;\">H\u1ec7 s\u01a1n<\/td>\n<td style=\"width: 50%; height: 23px; text-align: center;\">Epoxy<\/td>\n<\/tr>\n<tr style=\"height: 23px;\">\n<td style=\"width: 50%; height: 23px; text-align: center;\">K\u00edch th\u01b0\u1edbc h\u1ea1t<\/td>\n<td style=\"width: 50%; height: 23px; text-align: center;\">36-42 microns<\/td>\n<\/tr>\n<tr style=\"height: 23px;\">\n<td style=\"width: 50%; height: 23px; text-align: center;\">Kh\u1ea3 n\u0103ng h\u00f3a ch\u1ea5t<\/td>\n<td style=\"width: 50%; height: 23px; text-align: center;\">Kh\u00e1ng h\u00f3a ch\u1ea5t t\u1ed1t<\/td>\n<\/tr>\n<tr style=\"height: 23px;\">\n<td style=\"width: 50%; height: 23px; text-align: center;\">\u0110\u1ed9 ph\u1ee7<\/td>\n<td style=\"width: 50%; height: 23px; text-align: center;\">7-8m<sup>2<\/sup>\/kg<\/td>\n<\/tr>\n<\/tbody>\n<\/table>\n<p><strong><span style=\"font-size: 14pt;\">\u0110i\u1ec1u ki\u1ec7n gia c\u00f4ng:<\/span><\/strong><\/p>\n<table style=\"border-collapse: collapse; width: 58.2988%; height: 136px;\" border=\"1\">\n<tbody>\n<tr style=\"height: 12px;\">\n<td style=\"width: 100%; height: 12px; text-align: center;\" colspan=\"2\"><strong>\u0110i\u1ec1u ki\u1ec7n<\/strong><\/td>\n<\/tr>\n<tr style=\"height: 23px;\">\n<td style=\"width: 50%; height: 23px; text-align: center;\">\u00c1p d\u1ee5ng<\/td>\n<td style=\"width: 50%; height: 23px; text-align: center;\">Phun v\u1edbi \u0111\u1ed9 d\u00e0y 60-80um tr\u00ean v\u1eadt s\u01a1n<\/td>\n<\/tr>\n<tr style=\"height: 23px;\">\n<td style=\"width: 50%; height: 23px; text-align: center;\">S\u00fang<\/td>\n<td style=\"width: 50%; height: 23px; text-align: center;\">Ph\u00f9 h\u1ee3p v\u1edbi s\u00fang phun corona, tribo<\/td>\n<\/tr>\n<tr style=\"height: 24px;\">\n<td style=\"width: 50%; height: 24px; text-align: center;\">Th\u00f4ng s\u1ed1 s\u00fang phun<\/td>\n<td style=\"width: 50%; height: 24px; text-align: center;\">\u0110i\u1ec7n th\u1ebf \u0111\u1ea7u ra 90kV<\/td>\n<\/tr>\n<tr style=\"height: 23px;\">\n<td style=\"width: 50%; height: 23px; text-align: center;\">\u0110i\u1ec1u ki\u1ec7n nung<\/td>\n<td style=\"width: 50%; height: 23px; text-align: center;\">200<sup>o<\/sup>C, 10 ph\u00fat<\/td>\n<\/tr>\n<\/tbody>\n<\/table>\n<p><span style=\"font-size: 14pt;\"><strong>\u0110i\u1ec1u ki\u1ec7n l\u01b0u tr\u1eef\/ b\u1ea3o qu\u1ea3n:<\/strong><\/span><\/p>\n<p>B\u1ea3o qu\u1ea3n \u1edf n\u01a1i kh\u00f4 r\u00e1o tho\u00e1ng m\u00e1t, nhi\u1ec7t \u0111\u1ed9 d\u01b0\u1edbi 40<sup>o<\/sup>C. Tr\u00e1nh \u00e1nh n\u1eafng tr\u1ef1c ti\u1ebfp.<\/p>\n<p><strong><span style=\"font-size: 14pt;\">\u0110\u00f3ng g\u00f3i:<\/span><\/strong><\/p>\n<p>\u0110\u00f3ng g\u00f3i trong th\u00f9ng carton, kich th\u01b0\u1edbc 40x30x34 cm<\/p>\n<p><strong><span style=\"font-size: 14pt;\">Th\u1eed nghi\u1ec7m c\u01a1 l\u00fd:<\/span><\/strong><\/p>\n<table style=\"border-collapse: collapse; width: 58.6935%; height: 133px;\" border=\"1\">\n<tbody>\n<tr style=\"height: 23px;\">\n<td style=\"width: 50%; text-align: center; height: 23px;\"><strong>Ph\u01b0\u01a1ng ph\u00e1p ki\u1ec3m tra<\/strong><\/td>\n<td style=\"width: 50%; text-align: center; height: 23px;\"><strong>K\u1ebft qu\u1ea3<\/strong><\/td>\n<\/tr>\n<tr style=\"height: 23px;\">\n<td style=\"width: 50%; text-align: center; height: 23px;\">\u0110\u1ed9 va \u0111\u1eadp ( 50cm\/ kg)<\/td>\n<td style=\"width: 50%; text-align: center; height: 23px;\">\u0110\u1ea1t<\/td>\n<\/tr>\n<tr style=\"height: 23px;\">\n<td style=\"width: 50%; text-align: center; height: 23px;\">\u0110\u1ed9 d\u1ebbo (6mm)<\/td>\n<td style=\"width: 50%; text-align: center; height: 23px;\">\u0110\u1ea1t<\/td>\n<\/tr>\n<tr style=\"height: 23px;\">\n<td style=\"width: 50%; text-align: center; height: 23px;\">\u0110\u1ed9 c\u1ee9ng<\/td>\n<td style=\"width: 50%; text-align: center; height: 23px;\">\u0110\u1ea1t<\/td>\n<\/tr>\n<tr style=\"height: 23px;\">\n<td style=\"width: 50%; text-align: center; height: 23px;\">\u0110\u1ed9 b\u00e1m d\u00ednh<\/td>\n<td style=\"width: 50%; text-align: center; height: 23px;\">\u0110\u1ea1t<\/td>\n<\/tr>\n<\/tbody>\n<\/table>\n<p><span style=\"font-size: 14pt;\"><strong>Thu\u1ed9c t\u00ednh l\u1edbp ph\u1ee7:<\/strong><\/span><\/p>\n<ul>\n<li>Kh\u00e1ng h\u00f3a ch\u1ea5t r\u1ea5t t\u1ed1t<\/li>\n<li>Kh\u00e1ng n\u01b0\u1edbc n\u00f3ng t\u1ed1t<\/li>\n<li>\u0110\u1ea3m b\u1ea3o c\u00e1c \u0111\u1eb7c t\u00ednh c\u01a1 l\u00fd<\/li>\n<\/ul>\n<p>&nbsp;<\/p>\n","protected":false},"excerpt":{"rendered":"<p>B\u1ed9t s\u01a1n h\u1ec7 epoxy l\u00e0 b\u1ed9t s\u01a1n t\u0129nh \u0111i\u1ec7n d\u1ef1a tr\u00ean h\u1ec7 nh\u1ef1a epoxy v\u00e0 ch\u1ea5t \u0111\u00f3ng r\u1eafn g\u1ed1c imidazole t\u1ea1o ra b\u1ec1 m\u1eb7t s\u01a1n ph\u1ee7 c\u00f3 kh\u1ea3 n\u0103ng ch\u1ecbu \u0103n m\u00f2n h\u00f3a h\u1ecdc cao. D\u00f2ng s\u1ea3n ph\u1ea9m n\u00e0y ph\u00f9 h\u1ee3p v\u1edbi c\u00e1c y\u00eau c\u1ea7u s\u01a1n ph\u1ee7 \u0111\u00f2i h\u1ecfi \u0111\u1ed9 b\u1ec1n c\u01a1 h\u1ecdc ho\u1eb7c kh\u1ea3 n\u0103ng ch\u1ecbu \u0103n m\u00f2n h\u00f3a ch\u1ea5t t\u1ed1i<\/p>\n","protected":false},"featured_media":614,"comment_status":"closed","ping_status":"closed","template":"","meta":[],"product_cat":[],"product_tag":[],"acf":[],"_links":{"self":[{"href":"https:\/\/alphabetcoatings.com\/en\/wp-json\/wp\/v2\/product\/594"}],"collection":[{"href":"https:\/\/alphabetcoatings.com\/en\/wp-json\/wp\/v2\/product"}],"about":[{"href":"https:\/\/alphabetcoatings.com\/en\/wp-json\/wp\/v2\/types\/product"}],"replies":[{"embeddable":true,"href":"https:\/\/alphabetcoatings.com\/en\/wp-json\/wp\/v2\/comments?post=594"}],"wp:featuredmedia":[{"embeddable":true,"href":"https:\/\/alphabetcoatings.com\/en\/wp-json\/wp\/v2\/media\/614"}],"wp:attachment":[{"href":"https:\/\/alphabetcoatings.com\/en\/wp-json\/wp\/v2\/media?parent=594"}],"wp:term":[{"taxonomy":"product_cat","embeddable":true,"href":"https:\/\/alphabetcoatings.com\/en\/wp-json\/wp\/v2\/product_cat?post=594"},{"taxonomy":"product_tag","embeddable":true,"href":"https:\/\/alphabetcoatings.com\/en\/wp-json\/wp\/v2\/product_tag?post=594"}],"curies":[{"name":"wp","href":"https:\/\/api.w.org\/{rel}","templated":true}]}}